{"id":22,"date":"2024-07-05T20:10:20","date_gmt":"2024-07-05T20:10:20","guid":{"rendered":"https:\/\/www.tonemeup-pro.com\/?page_id=22"},"modified":"2024-07-13T17:07:21","modified_gmt":"2024-07-13T17:07:21","slug":"video-tutorial","status":"publish","type":"page","link":"https:\/\/www.tonemeup-pro.com\/en\/video-tutorial\/","title":{"rendered":"Video tutorial"},"content":{"rendered":"<div data-elementor-type=\"wp-page\" data-elementor-id=\"22\" class=\"elementor elementor-22\" data-elementor-post-type=\"page\">\n\t\t\t\t\t\t<section class=\"elementor-section elementor-top-section elementor-element elementor-element-f9f8ad4 elementor-section-boxed elementor-section-height-default elementor-section-height-default\" data-id=\"f9f8ad4\" data-element_type=\"section\" data-e-type=\"section\" data-settings=\"{&quot;background_background&quot;:&quot;classic&quot;}\">\n\t\t\t\t\t\t<div class=\"elementor-container elementor-column-gap-default\">\n\t\t\t\t\t<div class=\"elementor-column elementor-col-100 elementor-top-column elementor-element elementor-element-7a09945\" data-id=\"7a09945\" data-element_type=\"column\" data-e-type=\"column\">\n\t\t\t<div class=\"elementor-widget-wrap elementor-element-populated\">\n\t\t\t\t\t\t<div class=\"elementor-element elementor-element-1f8ffb5 elementor-widget elementor-widget-heading\" data-id=\"1f8ffb5\" data-element_type=\"widget\" data-e-type=\"widget\" data-widget_type=\"heading.default\">\n\t\t\t\t<div class=\"elementor-widget-container\">\n\t\t\t\t\t<h2 class=\"elementor-heading-title elementor-size-default\"><b>THE UNIVERSAL APPLICATION TECHNIQUE<\/b><\/h2>\t\t\t\t<\/div>\n\t\t\t\t<\/div>\n\t\t\t\t<div class=\"elementor-element elementor-element-ebd30b4 elementor-widget elementor-widget-video\" data-id=\"ebd30b4\" data-element_type=\"widget\" data-e-type=\"widget\" data-settings=\"{&quot;yt_privacy&quot;:&quot;yes&quot;,&quot;video_type&quot;:&quot;vimeo&quot;}\" data-widget_type=\"video.default\">\n\t\t\t\t<div class=\"elementor-widget-container\">\n\t\t\t\t\t\t\t<div class=\"elementor-wrapper elementor-open-inline\">\n\t\t\t<iframe class=\"elementor-video-iframe\" allowfullscreen allow=\"clipboard-write\" title=\"vimeo Video Player\" src=\"https:\/\/player.vimeo.com\/video\/504555500?color&amp;autopause=0&amp;dnt=true&amp;loop=0&amp;muted=0&amp;title=0&amp;portrait=0&amp;byline=0#t=\" data-no-translation-title=\"\"><\/iframe>\t\t<\/div>\n\t\t\t\t\t\t<\/div>\n\t\t\t\t<\/div>\n\t\t\t\t<div class=\"elementor-element elementor-element-9148063 elementor-widget elementor-widget-heading\" data-id=\"9148063\" data-element_type=\"widget\" data-e-type=\"widget\" data-widget_type=\"heading.default\">\n\t\t\t\t<div class=\"elementor-widget-container\">\n\t\t\t\t\t<h2 class=\"elementor-heading-title elementor-size-default\">This positioning technique is suitable for almost any activity, whether in everyday life, leisure or sport. It is ideal for movement sequences in an upright posture. The band activates and coordinates the entire movement chain from the feet to the shoulders in equal measure. That's why we call it the UNIVERSAL BENDING TECHNIQUE.<\/h2>\t\t\t\t<\/div>\n\t\t\t\t<\/div>\n\t\t\t\t\t<\/div>\n\t\t<\/div>\n\t\t\t\t\t<\/div>\n\t\t<\/section>\n\t\t\t\t<section class=\"elementor-section elementor-top-section elementor-element elementor-element-6af85f76 elementor-section-content-middle elementor-section-boxed elementor-section-height-default elementor-section-height-default\" data-id=\"6af85f76\" data-element_type=\"section\" data-e-type=\"section\" data-settings=\"{&quot;background_background&quot;:&quot;classic&quot;}\">\n\t\t\t\t\t\t<div class=\"elementor-container elementor-column-gap-no\">\n\t\t\t\t\t<div class=\"elementor-column elementor-col-100 elementor-top-column elementor-element elementor-element-53d4ed30\" data-id=\"53d4ed30\" data-element_type=\"column\" data-e-type=\"column\">\n\t\t\t<div class=\"elementor-widget-wrap elementor-element-populated\">\n\t\t\t\t\t\t<section class=\"elementor-section elementor-inner-section elementor-element elementor-element-7fbd0f2 elementor-section-boxed elementor-section-height-default elementor-section-height-default\" data-id=\"7fbd0f2\" data-element_type=\"section\" data-e-type=\"section\">\n\t\t\t\t\t\t<div class=\"elementor-container elementor-column-gap-default\">\n\t\t\t\t\t<div class=\"elementor-column elementor-col-33 elementor-inner-column elementor-element elementor-element-6ad4b725\" data-id=\"6ad4b725\" data-element_type=\"column\" data-e-type=\"column\">\n\t\t\t<div class=\"elementor-widget-wrap elementor-element-populated\">\n\t\t\t\t\t\t<div class=\"elementor-element elementor-element-1e0c2b65 elementor-view-default elementor-position-block-start elementor-mobile-position-block-start elementor-widget elementor-widget-icon-box\" data-id=\"1e0c2b65\" data-element_type=\"widget\" data-e-type=\"widget\" data-widget_type=\"icon-box.default\">\n\t\t\t\t<div class=\"elementor-widget-container\">\n\t\t\t\t\t\t\t<div class=\"elementor-icon-box-wrapper\">\n\n\t\t\t\t\t\t<div class=\"elementor-icon-box-icon\">\n\t\t\t\t<span  class=\"elementor-icon elementor-animation-grow\">\n\t\t\t\t<svg aria-hidden=\"true\" class=\"e-font-icon-svg e-fas-hand-holding-heart\" viewbox=\"0 0 576 512\" xmlns=\"http:\/\/www.w3.org\/2000\/svg\"><path d=\"M275.3 250.5c7 7.4 18.4 7.4 25.5 0l108.9-114.2c31.6-33.2 29.8-88.2-5.6-118.8-30.8-26.7-76.7-21.9-104.9 7.7L288 36.9l-11.1-11.6C248.7-4.4 202.8-9.2 172 17.5c-35.3 30.6-37.2 85.6-5.6 118.8l108.9 114.2zm290 77.6c-11.8-10.7-30.2-10-42.6 0L430.3 402c-11.3 9.1-25.4 14-40 14H272c-8.8 0-16-7.2-16-16s7.2-16 16-16h78.3c15.9 0 30.7-10.9 33.3-26.6 3.3-20-12.1-37.4-31.6-37.4H192c-27 0-53.1 9.3-74.1 26.3L71.4 384H16c-8.8 0-16 7.2-16 16v96c0 8.8 7.2 16 16 16h356.8c14.5 0 28.6-4.9 40-14L564 377c15.2-12.1 16.4-35.3 1.3-48.9z\"><\/path><\/svg>\t\t\t\t<\/span>\n\t\t\t<\/div>\n\t\t\t\n\t\t\t\t\t\t<div class=\"elementor-icon-box-content\">\n\n\t\t\t\t\t\t\t\t\t<h3 class=\"elementor-icon-box-title\">\n\t\t\t\t\t\t<span  >\n\t\t\t\t\t\t\tLeisure, work and everyday life\t\t\t\t\t\t<\/span>\n\t\t\t\t\t<\/h3>\n\t\t\t\t\n\t\t\t\t\t\t\t\t\t<p class=\"elementor-icon-box-description\">\n\t\t\t\t\t\t- Everyday movements with an upright gait: housework, walking, running, etc.<br>- Active break organisation\t\t\t\t\t<\/p>\n\t\t\t\t\n\t\t\t<\/div>\n\t\t\t\n\t\t<\/div>\n\t\t\t\t\t\t<\/div>\n\t\t\t\t<\/div>\n\t\t\t\t\t<\/div>\n\t\t<\/div>\n\t\t\t\t<div class=\"elementor-column elementor-col-33 elementor-inner-column elementor-element elementor-element-55d939c2\" data-id=\"55d939c2\" data-element_type=\"column\" data-e-type=\"column\">\n\t\t\t<div class=\"elementor-widget-wrap elementor-element-populated\">\n\t\t\t\t\t\t<div class=\"elementor-element elementor-element-1bf06b93 elementor-view-default elementor-position-block-start elementor-mobile-position-block-start elementor-widget elementor-widget-icon-box\" data-id=\"1bf06b93\" data-element_type=\"widget\" data-e-type=\"widget\" data-widget_type=\"icon-box.default\">\n\t\t\t\t<div class=\"elementor-widget-container\">\n\t\t\t\t\t\t\t<div class=\"elementor-icon-box-wrapper\">\n\n\t\t\t\t\t\t<div class=\"elementor-icon-box-icon\">\n\t\t\t\t<span  class=\"elementor-icon elementor-animation-grow\">\n\t\t\t\t<svg aria-hidden=\"true\" class=\"e-font-icon-svg e-fas-user\" viewbox=\"0 0 448 512\" xmlns=\"http:\/\/www.w3.org\/2000\/svg\"><path d=\"M224 256c70.7 0 128-57.3 128-128S294.7 0 224 0 96 57.3 96 128s57.3 128 128 128zm89.6 32h-16.7c-22.2 10.2-46.9 16-72.9 16s-50.6-5.8-72.9-16h-16.7C60.2 288 0 348.2 0 422.4V464c0 26.5 21.5 48 48 48h352c26.5 0 48-21.5 48-48v-41.6c0-74.2-60.2-134.4-134.4-134.4z\"><\/path><\/svg>\t\t\t\t<\/span>\n\t\t\t<\/div>\n\t\t\t\n\t\t\t\t\t\t<div class=\"elementor-icon-box-content\">\n\n\t\t\t\t\t\t\t\t\t<h3 class=\"elementor-icon-box-title\">\n\t\t\t\t\t\t<span  >\n\t\t\t\t\t\t\tIndividual sports\t\t\t\t\t\t<\/span>\n\t\t\t\t\t<\/h3>\n\t\t\t\t\n\t\t\t\t\t\t\t\t\t<p class=\"elementor-icon-box-description\">\n\t\t\t\t\t\t- Golf, tennis, martial arts, athletics, running, jogging, Nordic walking, and much more.\t\t\t\t\t<\/p>\n\t\t\t\t\n\t\t\t<\/div>\n\t\t\t\n\t\t<\/div>\n\t\t\t\t\t\t<\/div>\n\t\t\t\t<\/div>\n\t\t\t\t\t<\/div>\n\t\t<\/div>\n\t\t\t\t<div class=\"elementor-column elementor-col-33 elementor-inner-column elementor-element elementor-element-f2d7d7e\" data-id=\"f2d7d7e\" data-element_type=\"column\" data-e-type=\"column\">\n\t\t\t<div class=\"elementor-widget-wrap elementor-element-populated\">\n\t\t\t\t\t\t<div class=\"elementor-element elementor-element-4b9d599 elementor-view-default elementor-position-block-start elementor-mobile-position-block-start elementor-widget elementor-widget-icon-box\" data-id=\"4b9d599\" data-element_type=\"widget\" data-e-type=\"widget\" data-widget_type=\"icon-box.default\">\n\t\t\t\t<div class=\"elementor-widget-container\">\n\t\t\t\t\t\t\t<div class=\"elementor-icon-box-wrapper\">\n\n\t\t\t\t\t\t<div class=\"elementor-icon-box-icon\">\n\t\t\t\t<span  class=\"elementor-icon elementor-animation-grow\">\n\t\t\t\t<svg aria-hidden=\"true\" class=\"e-font-icon-svg e-fas-users\" viewbox=\"0 0 640 512\" xmlns=\"http:\/\/www.w3.org\/2000\/svg\"><path d=\"M96 224c35.3 0 64-28.7 64-64s-28.7-64-64-64-64 28.7-64 64 28.7 64 64 64zm448 0c35.3 0 64-28.7 64-64s-28.7-64-64-64-64 28.7-64 64 28.7 64 64 64zm32 32h-64c-17.6 0-33.5 7.1-45.1 18.6 40.3 22.1 68.9 62 75.1 109.4h66c17.7 0 32-14.3 32-32v-32c0-35.3-28.7-64-64-64zm-256 0c61.9 0 112-50.1 112-112S381.9 32 320 32 208 82.1 208 144s50.1 112 112 112zm76.8 32h-8.3c-20.8 10-43.9 16-68.5 16s-47.6-6-68.5-16h-8.3C179.6 288 128 339.6 128 403.2V432c0 26.5 21.5 48 48 48h288c26.5 0 48-21.5 48-48v-28.8c0-63.6-51.6-115.2-115.2-115.2zm-223.7-13.4C161.5 263.1 145.6 256 128 256H64c-35.3 0-64 28.7-64 64v32c0 17.7 14.3 32 32 32h65.9c6.3-47.4 34.9-87.3 75.2-109.4z\"><\/path><\/svg>\t\t\t\t<\/span>\n\t\t\t<\/div>\n\t\t\t\n\t\t\t\t\t\t<div class=\"elementor-icon-box-content\">\n\n\t\t\t\t\t\t\t\t\t<h3 class=\"elementor-icon-box-title\">\n\t\t\t\t\t\t<span  >\n\t\t\t\t\t\t\tTeam sports\t\t\t\t\t\t<\/span>\n\t\t\t\t\t<\/h3>\n\t\t\t\t\n\t\t\t\t\t\t\t\t\t<p class=\"elementor-icon-box-description\">\n\t\t\t\t\t\tFootball, basketball, handball, volleyball, rugby, ice hockey, baseball and much more. \t\t\t\t\t<\/p>\n\t\t\t\t\n\t\t\t<\/div>\n\t\t\t\n\t\t<\/div>\n\t\t\t\t\t\t<\/div>\n\t\t\t\t<\/div>\n\t\t\t\t\t<\/div>\n\t\t<\/div>\n\t\t\t\t\t<\/div>\n\t\t<\/section>\n\t\t\t\t\t<\/div>\n\t\t<\/div>\n\t\t\t\t\t<\/div>\n\t\t<\/section>\n\t\t\t\t<\/div>","protected":false},"excerpt":{"rendered":"<p>DIE UNIVERSELLE ANLEGETECHNIK Diese Anlegetechnik ist f\u00fcr nahezu jede T\u00e4tigkeit geeignet, ob im Alltag, in der Freizeit oder im Sport. Sie ist ideal f\u00fcr Bewegungsabl\u00e4ufe in aufrechter K\u00f6rperhaltung. Das Band aktiviert und koordiniert die gesamte Bewegungskette von den F\u00fc\u00dfen bis zu den Schultern gleicherma\u00dfen. Daher nennen wir sie die UNIVERSELLE ANLEGETECHNIK. Freizeit, Beruf und Alltag [&hellip;]<\/p>\n","protected":false},"author":2,"featured_media":0,"parent":0,"menu_order":0,"comment_status":"closed","ping_status":"closed","template":"","meta":{"footnotes":""},"class_list":["post-22","page","type-page","status-publish","hentry"],"yoast_head":"<!-- This site is optimized with the Yoast SEO plugin v27.6 - https:\/\/yoast.com\/product\/yoast-seo-wordpress\/ -->\n<title>Video-Tutorial - Tonemeup Pro<\/title>\n<meta name=\"robots\" content=\"index, follow, max-snippet:-1, max-image-preview:large, max-video-preview:-1\" \/>\n<link rel=\"canonical\" href=\"https:\/\/www.tonemeup-pro.com\/en\/video-tutorial\/\" \/>\n<meta property=\"og:locale\" content=\"en_GB\" \/>\n<meta property=\"og:type\" content=\"article\" \/>\n<meta property=\"og:title\" content=\"Video-Tutorial - Tonemeup Pro\" \/>\n<meta property=\"og:description\" content=\"DIE UNIVERSELLE ANLEGETECHNIK Diese Anlegetechnik ist f\u00fcr nahezu jede T\u00e4tigkeit geeignet, ob im Alltag, in der Freizeit oder im Sport. Sie ist ideal f\u00fcr Bewegungsabl\u00e4ufe in aufrechter K\u00f6rperhaltung. Das Band aktiviert und koordiniert die gesamte Bewegungskette von den F\u00fc\u00dfen bis zu den Schultern gleicherma\u00dfen. Daher nennen wir sie die UNIVERSELLE ANLEGETECHNIK. Freizeit, Beruf und Alltag [&hellip;]\" \/>\n<meta property=\"og:url\" content=\"https:\/\/www.tonemeup-pro.com\/en\/video-tutorial\/\" \/>\n<meta property=\"og:site_name\" content=\"Tonemeup Pro\" \/>\n<meta property=\"article:modified_time\" content=\"2024-07-13T17:07:21+00:00\" \/>\n<meta name=\"twitter:card\" content=\"summary_large_image\" \/>\n<meta name=\"twitter:label1\" content=\"Estimated reading time\" \/>\n\t<meta name=\"twitter:data1\" content=\"1 minute\" \/>\n<script type=\"application\/ld+json\" class=\"yoast-schema-graph\">{\"@context\":\"https:\\\/\\\/schema.org\",\"@graph\":[{\"@type\":\"WebPage\",\"@id\":\"https:\\\/\\\/www.tonemeup-pro.com\\\/video-tutorial\\\/\",\"url\":\"https:\\\/\\\/www.tonemeup-pro.com\\\/video-tutorial\\\/\",\"name\":\"Video-Tutorial - Tonemeup Pro\",\"isPartOf\":{\"@id\":\"https:\\\/\\\/www.tonemeup-pro.com\\\/#website\"},\"datePublished\":\"2024-07-05T20:10:20+00:00\",\"dateModified\":\"2024-07-13T17:07:21+00:00\",\"breadcrumb\":{\"@id\":\"https:\\\/\\\/www.tonemeup-pro.com\\\/video-tutorial\\\/#breadcrumb\"},\"inLanguage\":\"en-GB\",\"potentialAction\":[{\"@type\":\"ReadAction\",\"target\":[\"https:\\\/\\\/www.tonemeup-pro.com\\\/video-tutorial\\\/\"]}]},{\"@type\":\"BreadcrumbList\",\"@id\":\"https:\\\/\\\/www.tonemeup-pro.com\\\/video-tutorial\\\/#breadcrumb\",\"itemListElement\":[{\"@type\":\"ListItem\",\"position\":1,\"name\":\"Home\",\"item\":\"https:\\\/\\\/www.tonemeup-pro.com\\\/\"},{\"@type\":\"ListItem\",\"position\":2,\"name\":\"Video-Tutorial\"}]},{\"@type\":\"WebSite\",\"@id\":\"https:\\\/\\\/www.tonemeup-pro.com\\\/#website\",\"url\":\"https:\\\/\\\/www.tonemeup-pro.com\\\/\",\"name\":\"Tonemeup Pro\",\"description\":\"\",\"publisher\":{\"@id\":\"https:\\\/\\\/www.tonemeup-pro.com\\\/#organization\"},\"potentialAction\":[{\"@type\":\"SearchAction\",\"target\":{\"@type\":\"EntryPoint\",\"urlTemplate\":\"https:\\\/\\\/www.tonemeup-pro.com\\\/?s={search_term_string}\"},\"query-input\":{\"@type\":\"PropertyValueSpecification\",\"valueRequired\":true,\"valueName\":\"search_term_string\"}}],\"inLanguage\":\"en-GB\"},{\"@type\":\"Organization\",\"@id\":\"https:\\\/\\\/www.tonemeup-pro.com\\\/#organization\",\"name\":\"Tonemeup Pro\",\"url\":\"https:\\\/\\\/www.tonemeup-pro.com\\\/\",\"logo\":{\"@type\":\"ImageObject\",\"inLanguage\":\"en-GB\",\"@id\":\"https:\\\/\\\/www.tonemeup-pro.com\\\/#\\\/schema\\\/logo\\\/image\\\/\",\"url\":\"https:\\\/\\\/www.tonemeup-pro.com\\\/wp-content\\\/uploads\\\/2024\\\/07\\\/cropped-Logo-Tonemeup-Pro.jpg\",\"contentUrl\":\"https:\\\/\\\/www.tonemeup-pro.com\\\/wp-content\\\/uploads\\\/2024\\\/07\\\/cropped-Logo-Tonemeup-Pro.jpg\",\"width\":1920,\"height\":720,\"caption\":\"Tonemeup Pro\"},\"image\":{\"@id\":\"https:\\\/\\\/www.tonemeup-pro.com\\\/#\\\/schema\\\/logo\\\/image\\\/\"}}]}<\/script>\n<!-- \/ Yoast SEO plugin. -->","yoast_head_json":{"title":"Video tutorial - Tonemeup Pro","robots":{"index":"index","follow":"follow","max-snippet":"max-snippet:-1","max-image-preview":"max-image-preview:large","max-video-preview":"max-video-preview:-1"},"canonical":"https:\/\/www.tonemeup-pro.com\/en\/video-tutorial\/","og_locale":"en_GB","og_type":"article","og_title":"Video-Tutorial - Tonemeup Pro","og_description":"DIE UNIVERSELLE ANLEGETECHNIK Diese Anlegetechnik ist f\u00fcr nahezu jede T\u00e4tigkeit geeignet, ob im Alltag, in der Freizeit oder im Sport. Sie ist ideal f\u00fcr Bewegungsabl\u00e4ufe in aufrechter K\u00f6rperhaltung. Das Band aktiviert und koordiniert die gesamte Bewegungskette von den F\u00fc\u00dfen bis zu den Schultern gleicherma\u00dfen. Daher nennen wir sie die UNIVERSELLE ANLEGETECHNIK. Freizeit, Beruf und Alltag [&hellip;]","og_url":"https:\/\/www.tonemeup-pro.com\/en\/video-tutorial\/","og_site_name":"Tonemeup Pro","article_modified_time":"2024-07-13T17:07:21+00:00","twitter_card":"summary_large_image","twitter_misc":{"Estimated reading time":"1 minute"},"schema":{"@context":"https:\/\/schema.org","@graph":[{"@type":"WebPage","@id":"https:\/\/www.tonemeup-pro.com\/video-tutorial\/","url":"https:\/\/www.tonemeup-pro.com\/video-tutorial\/","name":"Video tutorial - Tonemeup Pro","isPartOf":{"@id":"https:\/\/www.tonemeup-pro.com\/#website"},"datePublished":"2024-07-05T20:10:20+00:00","dateModified":"2024-07-13T17:07:21+00:00","breadcrumb":{"@id":"https:\/\/www.tonemeup-pro.com\/video-tutorial\/#breadcrumb"},"inLanguage":"en-GB","potentialAction":[{"@type":"ReadAction","target":["https:\/\/www.tonemeup-pro.com\/video-tutorial\/"]}]},{"@type":"BreadcrumbList","@id":"https:\/\/www.tonemeup-pro.com\/video-tutorial\/#breadcrumb","itemListElement":[{"@type":"ListItem","position":1,"name":"Home","item":"https:\/\/www.tonemeup-pro.com\/"},{"@type":"ListItem","position":2,"name":"Video-Tutorial"}]},{"@type":"WebSite","@id":"https:\/\/www.tonemeup-pro.com\/#website","url":"https:\/\/www.tonemeup-pro.com\/","name":"Tonemeup Pro","description":"","publisher":{"@id":"https:\/\/www.tonemeup-pro.com\/#organization"},"potentialAction":[{"@type":"SearchAction","target":{"@type":"EntryPoint","urlTemplate":"https:\/\/www.tonemeup-pro.com\/?s={search_term_string}"},"query-input":{"@type":"PropertyValueSpecification","valueRequired":true,"valueName":"search_term_string"}}],"inLanguage":"en-GB"},{"@type":"Organization","@id":"https:\/\/www.tonemeup-pro.com\/#organization","name":"Tonemeup Pro","url":"https:\/\/www.tonemeup-pro.com\/","logo":{"@type":"ImageObject","inLanguage":"en-GB","@id":"https:\/\/www.tonemeup-pro.com\/#\/schema\/logo\/image\/","url":"https:\/\/www.tonemeup-pro.com\/wp-content\/uploads\/2024\/07\/cropped-Logo-Tonemeup-Pro.jpg","contentUrl":"https:\/\/www.tonemeup-pro.com\/wp-content\/uploads\/2024\/07\/cropped-Logo-Tonemeup-Pro.jpg","width":1920,"height":720,"caption":"Tonemeup Pro"},"image":{"@id":"https:\/\/www.tonemeup-pro.com\/#\/schema\/logo\/image\/"}}]}},"_links":{"self":[{"href":"https:\/\/www.tonemeup-pro.com\/en\/wp-json\/wp\/v2\/pages\/22","targetHints":{"allow":["GET"]}}],"collection":[{"href":"https:\/\/www.tonemeup-pro.com\/en\/wp-json\/wp\/v2\/pages"}],"about":[{"href":"https:\/\/www.tonemeup-pro.com\/en\/wp-json\/wp\/v2\/types\/page"}],"author":[{"embeddable":true,"href":"https:\/\/www.tonemeup-pro.com\/en\/wp-json\/wp\/v2\/users\/2"}],"replies":[{"embeddable":true,"href":"https:\/\/www.tonemeup-pro.com\/en\/wp-json\/wp\/v2\/comments?post=22"}],"version-history":[{"count":0,"href":"https:\/\/www.tonemeup-pro.com\/en\/wp-json\/wp\/v2\/pages\/22\/revisions"}],"wp:attachment":[{"href":"https:\/\/www.tonemeup-pro.com\/en\/wp-json\/wp\/v2\/media?parent=22"}],"curies":[{"name":"wp","href":"https:\/\/api.w.org\/{rel}","templated":true}]}}