{"id":24,"date":"2024-07-05T20:10:40","date_gmt":"2024-07-05T20:10:40","guid":{"rendered":"https:\/\/www.tonemeup-pro.com\/?page_id=24"},"modified":"2025-05-11T22:32:35","modified_gmt":"2025-05-11T22:32:35","slug":"ausbildung","status":"publish","type":"page","link":"https:\/\/www.tonemeup-pro.com\/en\/ausbildung\/","title":{"rendered":"Education"},"content":{"rendered":"<div data-elementor-type=\"wp-page\" data-elementor-id=\"24\" class=\"elementor elementor-24\" data-elementor-post-type=\"page\">\n\t\t\t\t\t\t<section class=\"elementor-section elementor-top-section elementor-element elementor-element-8916aa6 elementor-section-boxed elementor-section-height-default elementor-section-height-default\" data-id=\"8916aa6\" data-element_type=\"section\" data-e-type=\"section\">\n\t\t\t\t\t\t<div class=\"elementor-container elementor-column-gap-default\">\n\t\t\t\t\t<div class=\"elementor-column elementor-col-100 elementor-top-column elementor-element elementor-element-27bc744\" data-id=\"27bc744\" data-element_type=\"column\" data-e-type=\"column\">\n\t\t\t<div class=\"elementor-widget-wrap elementor-element-populated\">\n\t\t\t\t\t\t<div class=\"elementor-element elementor-element-b75a102 elementor-widget elementor-widget-heading\" data-id=\"b75a102\" data-element_type=\"widget\" data-e-type=\"widget\" data-widget_type=\"heading.default\">\n\t\t\t\t<div class=\"elementor-widget-container\">\n\t\t\t\t\t<h2 class=\"elementor-heading-title elementor-size-default\">Introduction - Course - Training<\/h2>\t\t\t\t<\/div>\n\t\t\t\t<\/div>\n\t\t\t\t<div class=\"elementor-element elementor-element-221964f elementor-widget elementor-widget-text-editor\" data-id=\"221964f\" data-element_type=\"widget\" data-e-type=\"widget\" data-widget_type=\"text-editor.default\">\n\t\t\t\t<div class=\"elementor-widget-container\">\n\t\t\t\t\t\t\t\t\t<p>When you purchase the TONEMEUP-PRO band, you already receive three application techniques, each with a corresponding exercise. The band provides immediate support and guidance for your body during the exercises.<\/p>\t\t\t\t\t\t\t\t<\/div>\n\t\t\t\t<\/div>\n\t\t\t\t<div class=\"elementor-element elementor-element-f7dce23 elementor-widget elementor-widget-heading\" data-id=\"f7dce23\" data-element_type=\"widget\" data-e-type=\"widget\" data-widget_type=\"heading.default\">\n\t\t\t\t<div class=\"elementor-widget-container\">\n\t\t\t\t\t<h2 class=\"elementor-heading-title elementor-size-default\">Still not excited enough about TONEMEUP PRO?<\/h2>\t\t\t\t<\/div>\n\t\t\t\t<\/div>\n\t\t\t\t<div class=\"elementor-element elementor-element-a708c6f elementor-icon-list--layout-traditional elementor-list-item-link-full_width elementor-widget elementor-widget-icon-list\" data-id=\"a708c6f\" data-element_type=\"widget\" data-e-type=\"widget\" data-widget_type=\"icon-list.default\">\n\t\t\t\t<div class=\"elementor-widget-container\">\n\t\t\t\t\t\t\t<ul class=\"elementor-icon-list-items\">\n\t\t\t\t\t\t\t<li class=\"elementor-icon-list-item\">\n\t\t\t\t\t\t\t\t\t\t\t<span class=\"elementor-icon-list-icon\">\n\t\t\t\t\t\t\t<svg aria-hidden=\"true\" class=\"e-font-icon-svg e-fas-plus\" viewbox=\"0 0 448 512\" xmlns=\"http:\/\/www.w3.org\/2000\/svg\"><path d=\"M416 208H272V64c0-17.67-14.33-32-32-32h-32c-17.67 0-32 14.33-32 32v144H32c-17.67 0-32 14.33-32 32v32c0 17.67 14.33 32 32 32h144v144c0 17.67 14.33 32 32 32h32c17.67 0 32-14.33 32-32V304h144c17.67 0 32-14.33 32-32v-32c0-17.67-14.33-32-32-32z\"><\/path><\/svg>\t\t\t\t\t\t<\/span>\n\t\t\t\t\t\t\t\t\t\t<span class=\"elementor-icon-list-text\">Targeted application in your sport<\/span>\n\t\t\t\t\t\t\t\t\t<\/li>\n\t\t\t\t\t\t\t\t<li class=\"elementor-icon-list-item\">\n\t\t\t\t\t\t\t\t\t\t\t<span class=\"elementor-icon-list-icon\">\n\t\t\t\t\t\t\t<svg aria-hidden=\"true\" class=\"e-font-icon-svg e-fas-plus\" viewbox=\"0 0 448 512\" xmlns=\"http:\/\/www.w3.org\/2000\/svg\"><path d=\"M416 208H272V64c0-17.67-14.33-32-32-32h-32c-17.67 0-32 14.33-32 32v144H32c-17.67 0-32 14.33-32 32v32c0 17.67 14.33 32 32 32h144v144c0 17.67 14.33 32 32 32h32c17.67 0 32-14.33 32-32V304h144c17.67 0 32-14.33 32-32v-32c0-17.67-14.33-32-32-32z\"><\/path><\/svg>\t\t\t\t\t\t<\/span>\n\t\t\t\t\t\t\t\t\t\t<span class=\"elementor-icon-list-text\">Integration into everyday life<\/span>\n\t\t\t\t\t\t\t\t\t<\/li>\n\t\t\t\t\t\t\t\t<li class=\"elementor-icon-list-item\">\n\t\t\t\t\t\t\t\t\t\t\t<span class=\"elementor-icon-list-icon\">\n\t\t\t\t\t\t\t<svg aria-hidden=\"true\" class=\"e-font-icon-svg e-fas-plus\" viewbox=\"0 0 448 512\" xmlns=\"http:\/\/www.w3.org\/2000\/svg\"><path d=\"M416 208H272V64c0-17.67-14.33-32-32-32h-32c-17.67 0-32 14.33-32 32v144H32c-17.67 0-32 14.33-32 32v32c0 17.67 14.33 32 32 32h144v144c0 17.67 14.33 32 32 32h32c17.67 0 32-14.33 32-32V304h144c17.67 0 32-14.33 32-32v-32c0-17.67-14.33-32-32-32z\"><\/path><\/svg>\t\t\t\t\t\t<\/span>\n\t\t\t\t\t\t\t\t\t\t<span class=\"elementor-icon-list-text\">Support for back pain, posture problems and more<\/span>\n\t\t\t\t\t\t\t\t\t<\/li>\n\t\t\t\t\t\t<\/ul>\n\t\t\t\t\t\t<\/div>\n\t\t\t\t<\/div>\n\t\t\t\t<div class=\"elementor-element elementor-element-f8119cd elementor-widget elementor-widget-heading\" data-id=\"f8119cd\" data-element_type=\"widget\" data-e-type=\"widget\" data-widget_type=\"heading.default\">\n\t\t\t\t<div class=\"elementor-widget-container\">\n\t\t\t\t\t<h2 class=\"elementor-heading-title elementor-size-default\">Then book your personalised training session with the inventors J\u00fcrgen Neudeck &amp; Holger Nitsche today!<\/h2>\t\t\t\t<\/div>\n\t\t\t\t<\/div>\n\t\t\t\t<div class=\"elementor-element elementor-element-323d93b elementor-widget elementor-widget-button\" data-id=\"323d93b\" data-element_type=\"widget\" data-e-type=\"widget\" data-widget_type=\"button.default\">\n\t\t\t\t<div class=\"elementor-widget-container\">\n\t\t\t\t\t\t\t\t\t<div class=\"elementor-button-wrapper\">\n\t\t\t\t\t<a class=\"elementor-button elementor-button-link elementor-size-sm elementor-animation-shrink\" href=\"https:\/\/www.tonemeup-pro.com\/wp-content\/uploads\/2024\/07\/PDF-Einfuehrung-Kurs-und-Ausbildung.pdf\" target=\"_blank\" download=\"\">\n\t\t\t\t\t\t<span class=\"elementor-button-content-wrapper\">\n\t\t\t\t\t\t\t\t\t<span class=\"elementor-button-text\">PDF on the training programme<\/span>\n\t\t\t\t\t<\/span>\n\t\t\t\t\t<\/a>\n\t\t\t\t<\/div>\n\t\t\t\t\t\t\t\t<\/div>\n\t\t\t\t<\/div>\n\t\t\t\t<div class=\"elementor-element elementor-element-e422722 elementor-widget-divider--view-line elementor-widget elementor-widget-divider\" data-id=\"e422722\" data-element_type=\"widget\" data-e-type=\"widget\" data-widget_type=\"divider.default\">\n\t\t\t\t<div class=\"elementor-widget-container\">\n\t\t\t\t\t\t\t<div class=\"elementor-divider\">\n\t\t\t<span class=\"elementor-divider-separator\">\n\t\t\t\t\t\t<\/span>\n\t\t<\/div>\n\t\t\t\t\t\t<\/div>\n\t\t\t\t<\/div>\n\t\t\t\t<div class=\"elementor-element elementor-element-cace4da elementor-widget elementor-widget-heading\" data-id=\"cace4da\" data-element_type=\"widget\" data-e-type=\"widget\" data-widget_type=\"heading.default\">\n\t\t\t\t<div class=\"elementor-widget-container\">\n\t\t\t\t\t<h2 class=\"elementor-heading-title elementor-size-default\">Introduction<\/h2>\t\t\t\t<\/div>\n\t\t\t\t<\/div>\n\t\t\t\t<div class=\"elementor-element elementor-element-050a42c elementor-widget elementor-widget-text-editor\" data-id=\"050a42c\" data-element_type=\"widget\" data-e-type=\"widget\" data-widget_type=\"text-editor.default\">\n\t\t\t\t<div class=\"elementor-widget-container\">\n\t\t\t\t\t\t\t\t\t<ul><li>Personalised support for individuals<\/li><li>Integration into everyday life, the office and sport<\/li><li>An individual 60-minute one-to-one introduction with J\u00fcrgen Neudeck or Holger Nitsche<\/li><li>Professional application of the belt together with us<\/li><li>Personalised and individually adapted introduction to all three application techniques (simple application technique, universal application technique, torso application technique)<\/li><li>First tips for use in everyday life, in the office and in sport<\/li><\/ul>\t\t\t\t\t\t\t\t<\/div>\n\t\t\t\t<\/div>\n\t\t\t\t<div class=\"elementor-element elementor-element-68fa9bd elementor-widget elementor-widget-heading\" data-id=\"68fa9bd\" data-element_type=\"widget\" data-e-type=\"widget\" data-widget_type=\"heading.default\">\n\t\t\t\t<div class=\"elementor-widget-container\">\n\t\t\t\t\t<h2 class=\"elementor-heading-title elementor-size-default\">Number of exercise units and price per person<\/h2>\t\t\t\t<\/div>\n\t\t\t\t<\/div>\n\t\t\t\t<div class=\"elementor-element elementor-element-39caaa0 elementor-widget elementor-widget-text-editor\" data-id=\"39caaa0\" data-element_type=\"widget\" data-e-type=\"widget\" data-widget_type=\"text-editor.default\">\n\t\t\t\t<div class=\"elementor-widget-container\">\n\t\t\t\t\t\t\t\t\t<ul><li><p>1 x 45 minutes in presence - Price: 150 Euro plus VAT.<\/p><\/li><li><p>1 x 60 minutes via Zoom - Price: 150 Euro plus VAT.<\/p><p>These introductions will be conducted by Holger Nitsche in Freiburg and J\u00fcrgen Neudeck in Bremen.v<\/p><\/li><\/ul>\t\t\t\t\t\t\t\t<\/div>\n\t\t\t\t<\/div>\n\t\t\t\t<div class=\"elementor-element elementor-element-54e439f elementor-widget-divider--view-line elementor-widget elementor-widget-divider\" data-id=\"54e439f\" data-element_type=\"widget\" data-e-type=\"widget\" data-widget_type=\"divider.default\">\n\t\t\t\t<div class=\"elementor-widget-container\">\n\t\t\t\t\t\t\t<div class=\"elementor-divider\">\n\t\t\t<span class=\"elementor-divider-separator\">\n\t\t\t\t\t\t<\/span>\n\t\t<\/div>\n\t\t\t\t\t\t<\/div>\n\t\t\t\t<\/div>\n\t\t\t\t<div class=\"elementor-element elementor-element-e9755d9 elementor-widget elementor-widget-heading\" data-id=\"e9755d9\" data-element_type=\"widget\" data-e-type=\"widget\" data-widget_type=\"heading.default\">\n\t\t\t\t<div class=\"elementor-widget-container\">\n\t\t\t\t\t<h2 class=\"elementor-heading-title elementor-size-default\">Course<\/h2>\t\t\t\t<\/div>\n\t\t\t\t<\/div>\n\t\t\t\t<div class=\"elementor-element elementor-element-ce7a4d2 elementor-widget elementor-widget-text-editor\" data-id=\"ce7a4d2\" data-element_type=\"widget\" data-e-type=\"widget\" data-widget_type=\"text-editor.default\">\n\t\t\t\t<div class=\"elementor-widget-container\">\n\t\t\t\t\t\t\t\t\t<ul><li><p>Individuals and small groups of 2 or more people<\/p><\/li><li><p>Integration into everyday life, the office and sport<\/p><\/li><li><p>Individual One-to-One course with J\u00fcrgen Neudeck or Holger Nitsche<\/p><\/li><li><p>Professional application of the belt together with us<\/p><\/li><li><p>Personalised and individually adapted introduction to all three application techniques:<br \/>- Simple application technique with the variant<br \/>- Universal application technology with the variant<br \/>- Hull mooring technique<\/p><\/li><\/ul>\t\t\t\t\t\t\t\t<\/div>\n\t\t\t\t<\/div>\n\t\t\t\t<div class=\"elementor-element elementor-element-0427002 elementor-widget elementor-widget-heading\" data-id=\"0427002\" data-element_type=\"widget\" data-e-type=\"widget\" data-widget_type=\"heading.default\">\n\t\t\t\t<div class=\"elementor-widget-container\">\n\t\t\t\t\t<h2 class=\"elementor-heading-title elementor-size-default\">Number of exercise units and price per person<\/h2>\t\t\t\t<\/div>\n\t\t\t\t<\/div>\n\t\t\t\t<div class=\"elementor-element elementor-element-a382d32 elementor-widget elementor-widget-text-editor\" data-id=\"a382d32\" data-element_type=\"widget\" data-e-type=\"widget\" data-widget_type=\"text-editor.default\">\n\t\t\t\t<div class=\"elementor-widget-container\">\n\t\t\t\t\t\t\t\t\t<ul><li><p>3 x 45 minutes in presence - Price: 390,00 Euro plus VAT.<\/p><\/li><li><p>3 x 60 minutes via Zoom - Price: 390,00 Euro plus VAT.<\/p><p>This course is run by Holger Nitsche in Freiburg and J\u00fcrgen Neudeck in Bremen.<\/p><\/li><\/ul>\t\t\t\t\t\t\t\t<\/div>\n\t\t\t\t<\/div>\n\t\t\t\t<div class=\"elementor-element elementor-element-975aaac elementor-widget-divider--view-line elementor-widget elementor-widget-divider\" data-id=\"975aaac\" data-element_type=\"widget\" data-e-type=\"widget\" data-widget_type=\"divider.default\">\n\t\t\t\t<div class=\"elementor-widget-container\">\n\t\t\t\t\t\t\t<div class=\"elementor-divider\">\n\t\t\t<span class=\"elementor-divider-separator\">\n\t\t\t\t\t\t<\/span>\n\t\t<\/div>\n\t\t\t\t\t\t<\/div>\n\t\t\t\t<\/div>\n\t\t\t\t<div class=\"elementor-element elementor-element-f6fb54c elementor-widget elementor-widget-heading\" data-id=\"f6fb54c\" data-element_type=\"widget\" data-e-type=\"widget\" data-widget_type=\"heading.default\">\n\t\t\t\t<div class=\"elementor-widget-container\">\n\t\t\t\t\t<h2 class=\"elementor-heading-title elementor-size-default\">Education<\/h2>\t\t\t\t<\/div>\n\t\t\t\t<\/div>\n\t\t\t\t<div class=\"elementor-element elementor-element-1bee5eb elementor-widget elementor-widget-text-editor\" data-id=\"1bee5eb\" data-element_type=\"widget\" data-e-type=\"widget\" data-widget_type=\"text-editor.default\">\n\t\t\t\t<div class=\"elementor-widget-container\">\n\t\t\t\t\t\t\t\t\t<ul><li>For trainers, professionals and movement experts (e.g. yoga, Pilates, physiotherapy, personal training, etc.)<\/li><li>From at least 3 people!<\/li><li>TONEMEUP-PRO master trainer training as a basis for any sport and application during your sport with J\u00fcrgen Neudeck or Holger Nitsche<\/li><li>Professional application of the belt together with us<\/li><li>Personalised and individually adapted introduction to the three application techniques:<\/li><li>Simple application technique with the variant<\/li><li>Universal application technology with the variant<\/li><li>Hull mooring technique<\/li><li>Introduction to our two special mooring techniques:<\/li><li>Lateral application technique<\/li><li>Shoulder-arm application technique with the variant<\/li><li>Introduction to the associated exercises<\/li><li>Modified application techniques to suit your sport<\/li><li>Personalised and individual adaptation in everyday life, at work and in sport<\/li><\/ul>\t\t\t\t\t\t\t\t<\/div>\n\t\t\t\t<\/div>\n\t\t\t\t<div class=\"elementor-element elementor-element-45d188c elementor-widget elementor-widget-heading\" data-id=\"45d188c\" data-element_type=\"widget\" data-e-type=\"widget\" data-widget_type=\"heading.default\">\n\t\t\t\t<div class=\"elementor-widget-container\">\n\t\t\t\t\t<h2 class=\"elementor-heading-title elementor-size-default\">Training programmes and training bases<\/h2>\t\t\t\t<\/div>\n\t\t\t\t<\/div>\n\t\t\t\t<div class=\"elementor-element elementor-element-8ec3f5e elementor-widget elementor-widget-text-editor\" data-id=\"8ec3f5e\" data-element_type=\"widget\" data-e-type=\"widget\" data-widget_type=\"text-editor.default\">\n\t\t\t\t<div class=\"elementor-widget-container\">\n\t\t\t\t\t\t\t\t\t<ul><li>One-day training courses for at least 3 people<\/li><li>Individual training possible on request<\/li><li>Group training (from 10 people) possible on request<\/li><li>Associations, clubs and in-house training courses available on request<\/li><li>Locations: Bremen &amp; Freiburg<\/li><li>Further locations in Germany possible on request<\/li><li>Customised training also possible abroad (EU &amp; non-EU) on request<\/li><\/ul>\t\t\t\t\t\t\t\t<\/div>\n\t\t\t\t<\/div>\n\t\t\t\t<div class=\"elementor-element elementor-element-1d3fe42 elementor-widget elementor-widget-heading\" data-id=\"1d3fe42\" data-element_type=\"widget\" data-e-type=\"widget\" data-widget_type=\"heading.default\">\n\t\t\t\t<div class=\"elementor-widget-container\">\n\t\t\t\t\t<h2 class=\"elementor-heading-title elementor-size-default\">Number of exercise sessions and price per person for a minimum of 3 people<\/h2>\t\t\t\t<\/div>\n\t\t\t\t<\/div>\n\t\t\t\t<div class=\"elementor-element elementor-element-0fff2e8 elementor-widget elementor-widget-text-editor\" data-id=\"0fff2e8\" data-element_type=\"widget\" data-e-type=\"widget\" data-widget_type=\"text-editor.default\">\n\t\t\t\t<div class=\"elementor-widget-container\">\n\t\t\t\t\t\t\t\t\t<ul><li><p>10 x 45 min. in presence - price 990,00 incl. VAT.<\/p><\/li><li><p>10 x 60 min. via Zoom - Price 990.00 incl. VAT.<\/p><\/li><\/ul>\t\t\t\t\t\t\t\t<\/div>\n\t\t\t\t<\/div>\n\t\t\t\t<div class=\"elementor-element elementor-element-d6bc6da elementor-widget elementor-widget-heading\" data-id=\"d6bc6da\" data-element_type=\"widget\" data-e-type=\"widget\" data-widget_type=\"heading.default\">\n\t\t\t\t<div class=\"elementor-widget-container\">\n\t\t\t\t\t<h2 class=\"elementor-heading-title elementor-size-default\">Your TONEMEUP-PRO-Master trainer training also includes<\/h2>\t\t\t\t<\/div>\n\t\t\t\t<\/div>\n\t\t\t\t<div class=\"elementor-element elementor-element-f79713c elementor-widget elementor-widget-text-editor\" data-id=\"f79713c\" data-element_type=\"widget\" data-e-type=\"widget\" data-widget_type=\"text-editor.default\">\n\t\t\t\t<div class=\"elementor-widget-container\">\n\t\t\t\t\t\t\t\t\t<ul><li><p>Two TONEMEUP-PRO tapes (value of goods 298 Euro incl. VAT)<\/p><\/li><li>Comprehensive training manual - 56 pages of day training, developed with our medical team<\/li><\/ul><p>Introduction by Holger Nitsche in Freiburg and J\u00fcrgen Neudeck in Bremen<\/p>\t\t\t\t\t\t\t\t<\/div>\n\t\t\t\t<\/div>\n\t\t\t\t<div class=\"elementor-element elementor-element-7a49694 elementor-widget-divider--view-line elementor-widget elementor-widget-divider\" data-id=\"7a49694\" data-element_type=\"widget\" data-e-type=\"widget\" data-widget_type=\"divider.default\">\n\t\t\t\t<div class=\"elementor-widget-container\">\n\t\t\t\t\t\t\t<div class=\"elementor-divider\">\n\t\t\t<span class=\"elementor-divider-separator\">\n\t\t\t\t\t\t<\/span>\n\t\t<\/div>\n\t\t\t\t\t\t<\/div>\n\t\t\t\t<\/div>\n\t\t\t\t<div class=\"elementor-element elementor-element-781785e elementor-widget elementor-widget-heading\" data-id=\"781785e\" data-element_type=\"widget\" data-e-type=\"widget\" data-widget_type=\"heading.default\">\n\t\t\t\t<div class=\"elementor-widget-container\">\n\t\t\t\t\t<h2 class=\"elementor-heading-title elementor-size-default\">For further information and if you are interested, please send us an e-mail!<\/h2>\t\t\t\t<\/div>\n\t\t\t\t<\/div>\n\t\t\t\t<div class=\"elementor-element elementor-element-581b439 elementor-widget elementor-widget-text-editor\" data-id=\"581b439\" data-element_type=\"widget\" data-e-type=\"widget\" data-widget_type=\"text-editor.default\">\n\t\t\t\t<div class=\"elementor-widget-container\">\n\t\t\t\t\t\t\t\t\t<p><a href=\"mailto:kontakt@tonemeup-pro.com\">kontakt@tonemeup-pro.com<\/a><\/p>\t\t\t\t\t\t\t\t<\/div>\n\t\t\t\t<\/div>\n\t\t\t\t\t<\/div>\n\t\t<\/div>\n\t\t\t\t\t<\/div>\n\t\t<\/section>\n\t\t\t\t<\/div>","protected":false},"excerpt":{"rendered":"<p>Einf\u00fchrung \u2013 Kurs \u2013 Ausbildung Beim Kauf des TONEMEUP-PRO-Bandes erh\u00e4ltst du bereits drei Anlegetechniken, jede mit einer zugeh\u00f6rigen \u00dcbung. Das Band bietet sofortige Unterst\u00fctzung und Anleitung f\u00fcr deinen K\u00f6rper w\u00e4hrend der \u00dcbungen. Bist du immer noch nicht genug von TONEMEUP PRO begeistert? Gezielte Anwendung in deiner Sportart Einbindung in den Alltag Unterst\u00fctzung bei R\u00fcckenschmerzen, Haltungsproblemen [&hellip;]<\/p>\n","protected":false},"author":2,"featured_media":0,"parent":0,"menu_order":0,"comment_status":"closed","ping_status":"closed","template":"","meta":{"footnotes":""},"class_list":["post-24","page","type-page","status-publish","hentry"],"yoast_head":"<!-- This site is optimized with the Yoast SEO plugin v27.5 - https:\/\/yoast.com\/product\/yoast-seo-wordpress\/ -->\n<title>Ausbildung - Tonemeup Pro<\/title>\n<meta name=\"robots\" content=\"index, follow, max-snippet:-1, max-image-preview:large, max-video-preview:-1\" \/>\n<link rel=\"canonical\" href=\"https:\/\/www.tonemeup-pro.com\/en\/ausbildung\/\" \/>\n<meta property=\"og:locale\" content=\"en_GB\" \/>\n<meta property=\"og:type\" content=\"article\" \/>\n<meta property=\"og:title\" content=\"Ausbildung - Tonemeup Pro\" \/>\n<meta property=\"og:description\" content=\"Einf\u00fchrung \u2013 Kurs \u2013 Ausbildung Beim Kauf des TONEMEUP-PRO-Bandes erh\u00e4ltst du bereits drei Anlegetechniken, jede mit einer zugeh\u00f6rigen \u00dcbung. Das Band bietet sofortige Unterst\u00fctzung und Anleitung f\u00fcr deinen K\u00f6rper w\u00e4hrend der \u00dcbungen. Bist du immer noch nicht genug von TONEMEUP PRO begeistert? Gezielte Anwendung in deiner Sportart Einbindung in den Alltag Unterst\u00fctzung bei R\u00fcckenschmerzen, Haltungsproblemen [&hellip;]\" \/>\n<meta property=\"og:url\" content=\"https:\/\/www.tonemeup-pro.com\/en\/ausbildung\/\" \/>\n<meta property=\"og:site_name\" content=\"Tonemeup Pro\" \/>\n<meta property=\"article:modified_time\" content=\"2025-05-11T22:32:35+00:00\" \/>\n<meta name=\"twitter:card\" content=\"summary_large_image\" \/>\n<meta name=\"twitter:label1\" content=\"Estimated reading time\" \/>\n\t<meta name=\"twitter:data1\" content=\"3 minutes\" \/>\n<script type=\"application\/ld+json\" class=\"yoast-schema-graph\">{\"@context\":\"https:\\\/\\\/schema.org\",\"@graph\":[{\"@type\":\"WebPage\",\"@id\":\"https:\\\/\\\/www.tonemeup-pro.com\\\/ausbildung\\\/\",\"url\":\"https:\\\/\\\/www.tonemeup-pro.com\\\/ausbildung\\\/\",\"name\":\"Ausbildung - Tonemeup Pro\",\"isPartOf\":{\"@id\":\"https:\\\/\\\/www.tonemeup-pro.com\\\/#website\"},\"datePublished\":\"2024-07-05T20:10:40+00:00\",\"dateModified\":\"2025-05-11T22:32:35+00:00\",\"breadcrumb\":{\"@id\":\"https:\\\/\\\/www.tonemeup-pro.com\\\/ausbildung\\\/#breadcrumb\"},\"inLanguage\":\"en-GB\",\"potentialAction\":[{\"@type\":\"ReadAction\",\"target\":[\"https:\\\/\\\/www.tonemeup-pro.com\\\/ausbildung\\\/\"]}]},{\"@type\":\"BreadcrumbList\",\"@id\":\"https:\\\/\\\/www.tonemeup-pro.com\\\/ausbildung\\\/#breadcrumb\",\"itemListElement\":[{\"@type\":\"ListItem\",\"position\":1,\"name\":\"Home\",\"item\":\"https:\\\/\\\/www.tonemeup-pro.com\\\/\"},{\"@type\":\"ListItem\",\"position\":2,\"name\":\"Ausbildung\"}]},{\"@type\":\"WebSite\",\"@id\":\"https:\\\/\\\/www.tonemeup-pro.com\\\/#website\",\"url\":\"https:\\\/\\\/www.tonemeup-pro.com\\\/\",\"name\":\"Tonemeup Pro\",\"description\":\"\",\"publisher\":{\"@id\":\"https:\\\/\\\/www.tonemeup-pro.com\\\/#organization\"},\"potentialAction\":[{\"@type\":\"SearchAction\",\"target\":{\"@type\":\"EntryPoint\",\"urlTemplate\":\"https:\\\/\\\/www.tonemeup-pro.com\\\/?s={search_term_string}\"},\"query-input\":{\"@type\":\"PropertyValueSpecification\",\"valueRequired\":true,\"valueName\":\"search_term_string\"}}],\"inLanguage\":\"en-GB\"},{\"@type\":\"Organization\",\"@id\":\"https:\\\/\\\/www.tonemeup-pro.com\\\/#organization\",\"name\":\"Tonemeup Pro\",\"url\":\"https:\\\/\\\/www.tonemeup-pro.com\\\/\",\"logo\":{\"@type\":\"ImageObject\",\"inLanguage\":\"en-GB\",\"@id\":\"https:\\\/\\\/www.tonemeup-pro.com\\\/#\\\/schema\\\/logo\\\/image\\\/\",\"url\":\"https:\\\/\\\/www.tonemeup-pro.com\\\/wp-content\\\/uploads\\\/2024\\\/07\\\/cropped-Logo-Tonemeup-Pro.jpg\",\"contentUrl\":\"https:\\\/\\\/www.tonemeup-pro.com\\\/wp-content\\\/uploads\\\/2024\\\/07\\\/cropped-Logo-Tonemeup-Pro.jpg\",\"width\":1920,\"height\":720,\"caption\":\"Tonemeup Pro\"},\"image\":{\"@id\":\"https:\\\/\\\/www.tonemeup-pro.com\\\/#\\\/schema\\\/logo\\\/image\\\/\"}}]}<\/script>\n<!-- \/ Yoast SEO plugin. -->","yoast_head_json":{"title":"Training - Tonemeup Pro","robots":{"index":"index","follow":"follow","max-snippet":"max-snippet:-1","max-image-preview":"max-image-preview:large","max-video-preview":"max-video-preview:-1"},"canonical":"https:\/\/www.tonemeup-pro.com\/en\/ausbildung\/","og_locale":"en_GB","og_type":"article","og_title":"Ausbildung - Tonemeup Pro","og_description":"Einf\u00fchrung \u2013 Kurs \u2013 Ausbildung Beim Kauf des TONEMEUP-PRO-Bandes erh\u00e4ltst du bereits drei Anlegetechniken, jede mit einer zugeh\u00f6rigen \u00dcbung. Das Band bietet sofortige Unterst\u00fctzung und Anleitung f\u00fcr deinen K\u00f6rper w\u00e4hrend der \u00dcbungen. Bist du immer noch nicht genug von TONEMEUP PRO begeistert? Gezielte Anwendung in deiner Sportart Einbindung in den Alltag Unterst\u00fctzung bei R\u00fcckenschmerzen, Haltungsproblemen [&hellip;]","og_url":"https:\/\/www.tonemeup-pro.com\/en\/ausbildung\/","og_site_name":"Tonemeup Pro","article_modified_time":"2025-05-11T22:32:35+00:00","twitter_card":"summary_large_image","twitter_misc":{"Estimated reading time":"3 minutes"},"schema":{"@context":"https:\/\/schema.org","@graph":[{"@type":"WebPage","@id":"https:\/\/www.tonemeup-pro.com\/ausbildung\/","url":"https:\/\/www.tonemeup-pro.com\/ausbildung\/","name":"Training - Tonemeup Pro","isPartOf":{"@id":"https:\/\/www.tonemeup-pro.com\/#website"},"datePublished":"2024-07-05T20:10:40+00:00","dateModified":"2025-05-11T22:32:35+00:00","breadcrumb":{"@id":"https:\/\/www.tonemeup-pro.com\/ausbildung\/#breadcrumb"},"inLanguage":"en-GB","potentialAction":[{"@type":"ReadAction","target":["https:\/\/www.tonemeup-pro.com\/ausbildung\/"]}]},{"@type":"BreadcrumbList","@id":"https:\/\/www.tonemeup-pro.com\/ausbildung\/#breadcrumb","itemListElement":[{"@type":"ListItem","position":1,"name":"Home","item":"https:\/\/www.tonemeup-pro.com\/"},{"@type":"ListItem","position":2,"name":"Ausbildung"}]},{"@type":"WebSite","@id":"https:\/\/www.tonemeup-pro.com\/#website","url":"https:\/\/www.tonemeup-pro.com\/","name":"Tonemeup Pro","description":"","publisher":{"@id":"https:\/\/www.tonemeup-pro.com\/#organization"},"potentialAction":[{"@type":"SearchAction","target":{"@type":"EntryPoint","urlTemplate":"https:\/\/www.tonemeup-pro.com\/?s={search_term_string}"},"query-input":{"@type":"PropertyValueSpecification","valueRequired":true,"valueName":"search_term_string"}}],"inLanguage":"en-GB"},{"@type":"Organization","@id":"https:\/\/www.tonemeup-pro.com\/#organization","name":"Tonemeup Pro","url":"https:\/\/www.tonemeup-pro.com\/","logo":{"@type":"ImageObject","inLanguage":"en-GB","@id":"https:\/\/www.tonemeup-pro.com\/#\/schema\/logo\/image\/","url":"https:\/\/www.tonemeup-pro.com\/wp-content\/uploads\/2024\/07\/cropped-Logo-Tonemeup-Pro.jpg","contentUrl":"https:\/\/www.tonemeup-pro.com\/wp-content\/uploads\/2024\/07\/cropped-Logo-Tonemeup-Pro.jpg","width":1920,"height":720,"caption":"Tonemeup Pro"},"image":{"@id":"https:\/\/www.tonemeup-pro.com\/#\/schema\/logo\/image\/"}}]}},"_links":{"self":[{"href":"https:\/\/www.tonemeup-pro.com\/en\/wp-json\/wp\/v2\/pages\/24","targetHints":{"allow":["GET"]}}],"collection":[{"href":"https:\/\/www.tonemeup-pro.com\/en\/wp-json\/wp\/v2\/pages"}],"about":[{"href":"https:\/\/www.tonemeup-pro.com\/en\/wp-json\/wp\/v2\/types\/page"}],"author":[{"embeddable":true,"href":"https:\/\/www.tonemeup-pro.com\/en\/wp-json\/wp\/v2\/users\/2"}],"replies":[{"embeddable":true,"href":"https:\/\/www.tonemeup-pro.com\/en\/wp-json\/wp\/v2\/comments?post=24"}],"version-history":[{"count":0,"href":"https:\/\/www.tonemeup-pro.com\/en\/wp-json\/wp\/v2\/pages\/24\/revisions"}],"wp:attachment":[{"href":"https:\/\/www.tonemeup-pro.com\/en\/wp-json\/wp\/v2\/media?parent=24"}],"curies":[{"name":"wp","href":"https:\/\/api.w.org\/{rel}","templated":true}]}}